{"id":2568,"date":"2023-04-21T19:24:09","date_gmt":"2023-04-21T19:24:09","guid":{"rendered":"https:\/\/casafiorella.es\/es\/?page_id=2568"},"modified":"2024-08-02T08:49:55","modified_gmt":"2024-08-02T08:49:55","slug":"politica-de-privacidad","status":"publish","type":"page","link":"https:\/\/casafiorella.es\/es\/politica-de-privacidad\/","title":{"rendered":"Pol\u00edtica de Privacidad"},"content":{"rendered":"\t\t<div data-elementor-type=\"wp-page\" data-elementor-id=\"2568\" class=\"elementor elementor-2568\">\n\t\t\t\t\t\t<section class=\"elementor-section elementor-top-section elementor-element elementor-element-79574a2 elementor-section-height-min-height elementor-section-boxed elementor-section-height-default elementor-section-items-middle\" data-id=\"79574a2\" data-element_type=\"section\" data-e-type=\"section\" data-settings=\"{&quot;background_background&quot;:&quot;classic&quot;}\">\n\t\t\t\t\t\t<div class=\"elementor-container elementor-column-gap-default\">\n\t\t\t\t\t<div class=\"elementor-column elementor-col-100 elementor-top-column elementor-element elementor-element-6684fe0\" data-id=\"6684fe0\" data-element_type=\"column\" data-e-type=\"column\">\n\t\t\t<div class=\"elementor-widget-wrap elementor-element-populated\">\n\t\t\t\t\t\t<div class=\"elementor-element elementor-element-9c4c722 elementor-widget elementor-widget-heading\" data-id=\"9c4c722\" data-element_type=\"widget\" data-e-type=\"widget\" data-widget_type=\"heading.default\">\n\t\t\t\t<div class=\"elementor-widget-container\">\n\t\t\t\t\t<h2 class=\"elementor-heading-title elementor-size-default\">Pol\u00edtica de privacidad<\/h2>\t\t\t\t<\/div>\n\t\t\t\t<\/div>\n\t\t\t\t\t<\/div>\n\t\t<\/div>\n\t\t\t\t\t<\/div>\n\t\t<\/section>\n\t\t\t\t<section class=\"elementor-section elementor-top-section elementor-element elementor-element-c1344f7 elementor-section-boxed elementor-section-height-default elementor-section-height-default\" data-id=\"c1344f7\" data-element_type=\"section\" data-e-type=\"section\">\n\t\t\t\t\t\t<div class=\"elementor-container elementor-column-gap-default\">\n\t\t\t\t\t<div class=\"elementor-column elementor-col-100 elementor-top-column elementor-element elementor-element-a5f30b9\" data-id=\"a5f30b9\" data-element_type=\"column\" data-e-type=\"column\">\n\t\t\t<div class=\"elementor-widget-wrap elementor-element-populated\">\n\t\t\t\t\t\t<div class=\"elementor-element elementor-element-510eefc elementor-widget elementor-widget-text-editor\" data-id=\"510eefc\" data-element_type=\"widget\" data-e-type=\"widget\" data-widget_type=\"text-editor.default\">\n\t\t\t\t<div class=\"elementor-widget-container\">\n\t\t\t\t\t\t\t\t\t<p>El objetivo de esta pol\u00edtica es informar a los interesados acerca de los distintos tratamientos realizados por Casa Fiorella mediante la p\u00e1gina web y que afecten a sus datos personales de conformidad con lo establecido en la Ley Org\u00e1nica 3\/2018, de 5 de diciembre, de Protecci\u00f3n de Datos Personales y garant\u00eda de los derechos digitales y el Reglamento (UE) 2016\/679 del Parlamento Europeo y del Consejo de 27 de abril de 2016.<\/p><p>\u00a0<\/p>\t\t\t\t\t\t\t\t<\/div>\n\t\t\t\t<\/div>\n\t\t\t\t<div class=\"elementor-element elementor-element-95c3f99 elementor-widget elementor-widget-text-editor\" data-id=\"95c3f99\" data-element_type=\"widget\" data-e-type=\"widget\" data-widget_type=\"text-editor.default\">\n\t\t\t\t<div class=\"elementor-widget-container\">\n\t\t\t\t\t\t\t\t\t<p>Informaci\u00f3n b\u00e1sica sobre protecci\u00f3n de datos<\/p>\t\t\t\t\t\t\t\t<\/div>\n\t\t\t\t<\/div>\n\t\t\t\t<div class=\"elementor-element elementor-element-8b90ec0 elementor-widget elementor-widget-accordion\" data-id=\"8b90ec0\" data-element_type=\"widget\" data-e-type=\"widget\" data-widget_type=\"accordion.default\">\n\t\t\t\t<div class=\"elementor-widget-container\">\n\t\t\t\t\t\t\t<div class=\"elementor-accordion\">\n\t\t\t\t\t\t\t<div class=\"elementor-accordion-item\">\n\t\t\t\t\t<h6 id=\"elementor-tab-title-1461\" class=\"elementor-tab-title\" data-tab=\"1\" role=\"button\" aria-controls=\"elementor-tab-content-1461\" aria-expanded=\"false\">\n\t\t\t\t\t\t\t\t\t\t\t\t\t<span class=\"elementor-accordion-icon elementor-accordion-icon-left\" aria-hidden=\"true\">\n\t\t\t\t\t\t\t\t\t\t\t\t\t\t\t<span class=\"elementor-accordion-icon-closed\"><i class=\"fas fa-caret-down\"><\/i><\/span>\n\t\t\t\t\t\t\t\t<span class=\"elementor-accordion-icon-opened\"><i class=\"fas fa-minus\"><\/i><\/span>\n\t\t\t\t\t\t\t\t\t\t\t\t\t\t<\/span>\n\t\t\t\t\t\t\t\t\t\t\t\t<a class=\"elementor-accordion-title\" tabindex=\"0\">\u00bfQui\u00e9nes somos?<\/a>\n\t\t\t\t\t<\/h6>\n\t\t\t\t\t<div id=\"elementor-tab-content-1461\" class=\"elementor-tab-content elementor-clearfix\" data-tab=\"1\" role=\"region\" aria-labelledby=\"elementor-tab-title-1461\"><p>Casa Fiorella, domiciliada en Diseminado Cabo Gata, 19, 04151, Almer\u00eda, con correo electr\u00f3nico <a href=\"mailto:reservas@casafiorella.es\" target=\"_blank\" rel=\"noopener\">reservas@casafiorella.es<\/a><\/p><\/div>\n\t\t\t\t<\/div>\n\t\t\t\t\t\t\t<div class=\"elementor-accordion-item\">\n\t\t\t\t\t<h6 id=\"elementor-tab-title-1462\" class=\"elementor-tab-title\" data-tab=\"2\" role=\"button\" aria-controls=\"elementor-tab-content-1462\" aria-expanded=\"false\">\n\t\t\t\t\t\t\t\t\t\t\t\t\t<span class=\"elementor-accordion-icon elementor-accordion-icon-left\" aria-hidden=\"true\">\n\t\t\t\t\t\t\t\t\t\t\t\t\t\t\t<span class=\"elementor-accordion-icon-closed\"><i class=\"fas fa-caret-down\"><\/i><\/span>\n\t\t\t\t\t\t\t\t<span class=\"elementor-accordion-icon-opened\"><i class=\"fas fa-minus\"><\/i><\/span>\n\t\t\t\t\t\t\t\t\t\t\t\t\t\t<\/span>\n\t\t\t\t\t\t\t\t\t\t\t\t<a class=\"elementor-accordion-title\" tabindex=\"0\"> \u00bfPara qu\u00e9 usamos tus datos?<\/a>\n\t\t\t\t\t<\/h6>\n\t\t\t\t\t<div id=\"elementor-tab-content-1462\" class=\"elementor-tab-content elementor-clearfix\" data-tab=\"2\" role=\"region\" aria-labelledby=\"elementor-tab-title-1462\"><p>Tus datos ser\u00e1n tratados para gesti\u00f3n de clientes, gesti\u00f3n econ\u00f3mico-fiscal y de facturaci\u00f3n, gesti\u00f3n de blog y p\u00e1gina web, gesti\u00f3n de recursos humanos, gesti\u00f3n de derechos y obligaciones RGPD.<\/p><\/div>\n\t\t\t\t<\/div>\n\t\t\t\t\t\t\t<div class=\"elementor-accordion-item\">\n\t\t\t\t\t<h6 id=\"elementor-tab-title-1463\" class=\"elementor-tab-title\" data-tab=\"3\" role=\"button\" aria-controls=\"elementor-tab-content-1463\" aria-expanded=\"false\">\n\t\t\t\t\t\t\t\t\t\t\t\t\t<span class=\"elementor-accordion-icon elementor-accordion-icon-left\" aria-hidden=\"true\">\n\t\t\t\t\t\t\t\t\t\t\t\t\t\t\t<span class=\"elementor-accordion-icon-closed\"><i class=\"fas fa-caret-down\"><\/i><\/span>\n\t\t\t\t\t\t\t\t<span class=\"elementor-accordion-icon-opened\"><i class=\"fas fa-minus\"><\/i><\/span>\n\t\t\t\t\t\t\t\t\t\t\t\t\t\t<\/span>\n\t\t\t\t\t\t\t\t\t\t\t\t<a class=\"elementor-accordion-title\" tabindex=\"0\">\u00bfPor qu\u00e9 usamos tus datos?<\/a>\n\t\t\t\t\t<\/h6>\n\t\t\t\t\t<div id=\"elementor-tab-content-1463\" class=\"elementor-tab-content elementor-clearfix\" data-tab=\"3\" role=\"region\" aria-labelledby=\"elementor-tab-title-1463\"><p>Consentimiento del interesado en la aceptaci\u00f3n de la pol\u00edtica de privacidad, ejecuci\u00f3n de contrato entre las partes, cumplimiento de obligaci\u00f3n legal e inter\u00e9s leg\u00edtimo, seg\u00fan el caso.<\/p><\/div>\n\t\t\t\t<\/div>\n\t\t\t\t\t\t\t<div class=\"elementor-accordion-item\">\n\t\t\t\t\t<h6 id=\"elementor-tab-title-1464\" class=\"elementor-tab-title\" data-tab=\"4\" role=\"button\" aria-controls=\"elementor-tab-content-1464\" aria-expanded=\"false\">\n\t\t\t\t\t\t\t\t\t\t\t\t\t<span class=\"elementor-accordion-icon elementor-accordion-icon-left\" aria-hidden=\"true\">\n\t\t\t\t\t\t\t\t\t\t\t\t\t\t\t<span class=\"elementor-accordion-icon-closed\"><i class=\"fas fa-caret-down\"><\/i><\/span>\n\t\t\t\t\t\t\t\t<span class=\"elementor-accordion-icon-opened\"><i class=\"fas fa-minus\"><\/i><\/span>\n\t\t\t\t\t\t\t\t\t\t\t\t\t\t<\/span>\n\t\t\t\t\t\t\t\t\t\t\t\t<a class=\"elementor-accordion-title\" tabindex=\"0\">\u00bfC\u00f3mo hemos obtenido tus datos?<\/a>\n\t\t\t\t\t<\/h6>\n\t\t\t\t\t<div id=\"elementor-tab-content-1464\" class=\"elementor-tab-content elementor-clearfix\" data-tab=\"4\" role=\"region\" aria-labelledby=\"elementor-tab-title-1464\"><p>Recabamos los datos que nos facilitas a trav\u00e9s del registro en la web, comunicaci\u00f3n telef\u00f3nica, correo electr\u00f3nico, formularios de contacto de la web o nuestros perfiles de Redes Sociales.<\/p><\/div>\n\t\t\t\t<\/div>\n\t\t\t\t\t\t\t<div class=\"elementor-accordion-item\">\n\t\t\t\t\t<h6 id=\"elementor-tab-title-1465\" class=\"elementor-tab-title\" data-tab=\"5\" role=\"button\" aria-controls=\"elementor-tab-content-1465\" aria-expanded=\"false\">\n\t\t\t\t\t\t\t\t\t\t\t\t\t<span class=\"elementor-accordion-icon elementor-accordion-icon-left\" aria-hidden=\"true\">\n\t\t\t\t\t\t\t\t\t\t\t\t\t\t\t<span class=\"elementor-accordion-icon-closed\"><i class=\"fas fa-caret-down\"><\/i><\/span>\n\t\t\t\t\t\t\t\t<span class=\"elementor-accordion-icon-opened\"><i class=\"fas fa-minus\"><\/i><\/span>\n\t\t\t\t\t\t\t\t\t\t\t\t\t\t<\/span>\n\t\t\t\t\t\t\t\t\t\t\t\t<a class=\"elementor-accordion-title\" tabindex=\"0\">\u00bfCon qui\u00e9n compartimos tus datos?<\/a>\n\t\t\t\t\t<\/h6>\n\t\t\t\t\t<div id=\"elementor-tab-content-1465\" class=\"elementor-tab-content elementor-clearfix\" data-tab=\"5\" role=\"region\" aria-labelledby=\"elementor-tab-title-1465\"><p>Encargados de Tratamiento con sede en la UE y Administraciones P\u00fablicas con competencias en la materia.<\/p><\/div>\n\t\t\t\t<\/div>\n\t\t\t\t\t\t\t<div class=\"elementor-accordion-item\">\n\t\t\t\t\t<h6 id=\"elementor-tab-title-1466\" class=\"elementor-tab-title\" data-tab=\"6\" role=\"button\" aria-controls=\"elementor-tab-content-1466\" aria-expanded=\"false\">\n\t\t\t\t\t\t\t\t\t\t\t\t\t<span class=\"elementor-accordion-icon elementor-accordion-icon-left\" aria-hidden=\"true\">\n\t\t\t\t\t\t\t\t\t\t\t\t\t\t\t<span class=\"elementor-accordion-icon-closed\"><i class=\"fas fa-caret-down\"><\/i><\/span>\n\t\t\t\t\t\t\t\t<span class=\"elementor-accordion-icon-opened\"><i class=\"fas fa-minus\"><\/i><\/span>\n\t\t\t\t\t\t\t\t\t\t\t\t\t\t<\/span>\n\t\t\t\t\t\t\t\t\t\t\t\t<a class=\"elementor-accordion-title\" tabindex=\"0\">Derechos<\/a>\n\t\t\t\t\t<\/h6>\n\t\t\t\t\t<div id=\"elementor-tab-content-1466\" class=\"elementor-tab-content elementor-clearfix\" data-tab=\"6\" role=\"region\" aria-labelledby=\"elementor-tab-title-1466\"><p>Acceso, rectificaci\u00f3n, oposici\u00f3n, supresi\u00f3n, limitaci\u00f3n del tratamiento y portabilidad de los datos personales, como se explica en el correspondiente apartado.<\/p><\/div>\n\t\t\t\t<\/div>\n\t\t\t\t\t\t\t\t<\/div>\n\t\t\t\t\t\t<\/div>\n\t\t\t\t<\/div>\n\t\t\t\t<div class=\"elementor-element elementor-element-1a9d632 elementor-widget elementor-widget-spacer\" data-id=\"1a9d632\" data-element_type=\"widget\" data-e-type=\"widget\" data-widget_type=\"spacer.default\">\n\t\t\t\t<div class=\"elementor-widget-container\">\n\t\t\t\t\t\t\t<div class=\"elementor-spacer\">\n\t\t\t<div class=\"elementor-spacer-inner\"><\/div>\n\t\t<\/div>\n\t\t\t\t\t\t<\/div>\n\t\t\t\t<\/div>\n\t\t\t\t<div class=\"elementor-element elementor-element-f8be6b3 elementor-widget elementor-widget-text-editor\" data-id=\"f8be6b3\" data-element_type=\"widget\" data-e-type=\"widget\" data-widget_type=\"text-editor.default\">\n\t\t\t\t<div class=\"elementor-widget-container\">\n\t\t\t\t\t\t\t\t\t<h6><strong>\u00bfQui\u00e9n es el responsable del tratamiento de tus datos?<\/strong><\/h6><p>Los responsables del tratamiento de tus datos somos <strong>Casa Fiorella<\/strong>, con domicilio social en el 04151, Almer\u00eda.<\/p><p>En el presente documento le proporcionamos informaci\u00f3n detallada acerca de nuestra Pol\u00edtica de Privacidad. Si tiene alguna pregunta o duda sobre su privacidad, por favor p\u00f3ngase en contacto con nosotros a trav\u00e9s de esta direcci\u00f3n de correo electr\u00f3nico a <a href=\"mailto:reservas@casafiorella.es\" target=\"_blank\" rel=\"noopener\">reservas@casafiorella.es<\/a><\/p><p>\u00a0<\/p><h6>\u00bfCon qu\u00e9 finalidad trataremos tus datos?\u00a0<\/h6><p>Tus datos personales ser\u00e1n tratados con las siguientes finalidades:<\/p><ul><li>Gesti\u00f3n de clientes.<\/li><li>La gesti\u00f3n administrativa, contable y fiscal.<\/li><li>Atender a las solicitudes, quejas e incidencias trasladadas a trav\u00e9s de nuestros canales de contacto incorporados en la p\u00e1gina web.<\/li><li>Para proteger y ejercer nuestros derechos o responder ante reclamaciones de cualquier \u00edndole.<\/li><li>La prestaci\u00f3n de los servicios que nos haya contratado.<\/li><li>Cumplir con las obligaciones legales que nos resulten directamente aplicables y regulen nuestra actividad.<\/li><li>Gesti\u00f3n de derechos y obligaciones RGPD y LOPDGDD.<\/li><li>Enviar comunicaciones comerciales y\/o de servicios.<\/li><li>Contactar telef\u00f3nicamente para el env\u00edo de comunicaciones relacionadas con el servicio prestado o las actividades de Casa Fiorella.<\/li><li>No deseo recibir comunicaciones comerciales de los productos y servicios prestados por Casa Fiorella.<\/li><\/ul><p>Nuestro compromiso:<\/p><ul><li>Prometemos proteger tu intimidad y tratar de forma confidencial la informaci\u00f3n que proporciones.<\/li><li>La informaci\u00f3n que nos facilites ser\u00e1 utilizada \u00fanicamente para responder a tus consultas o referente a los servicios que ofrecemos.<\/li><li>No revelaremos tu informaci\u00f3n personal a terceros sin tu consentimiento.<\/li><\/ul><h6><strong>\u00bfPor cu\u00e1nto tiempo conservaremos tus datos?<\/strong><\/h6><p>Los datos de car\u00e1cter personal se conservar\u00e1n en cumplimiento de los plazos legales de prescripci\u00f3n que resulten de aplicaci\u00f3n y durante el tiempo necesario para la realizaci\u00f3n de las finalidades para las que fueron recogidos. Como norma general por un plazo de 5 a\u00f1os una vez finalizada la relaci\u00f3n contractual.<\/p><p>Periodo de bloqueo de los datos:<\/p><ul><li><strong>C\u00f3digo Civil.<\/strong> Entre 5 o 15 a\u00f1os seg\u00fan el caso, atendiendo a lo dispuesto en el art\u00edculo 1964.2 del cuerpo legal mencionado.<\/li><li><strong>C\u00f3digo del Comercio. <\/strong>Durante 6 a\u00f1os, atendiendo a dispuesto en el art\u00edculo 30 del cuerpo legal mencionado. Se aplica respecto de la informaci\u00f3n mercantil relacionada con (facturas emitidas y \u00a0recibidas, tickets, facturas rectificativas, documentos bancarios, etc.)<\/li><li><b>Ley General Tributaria.<\/b>\u00a0Durante 4 a\u00f1os atendiendo a dispuesto en\u00a0 los art\u00edculos 66 a 70 del cuerpo legal mencionado. Se aplica a la informaci\u00f3n relacionada con las obligaciones fiscales.<\/li><\/ul><h6><strong>\u00bfCu\u00e1l es la legitimaci\u00f3n para el tratamiento de tus datos?<\/strong><\/h6><p>La base legal para el tratamiento de tus datos es el consentimiento expreso de la aceptaci\u00f3n de la Pol\u00edtica de Privacidad, tanto en el formulario del Sitio Web como en los formularios escritos que le proporcionamos en nuestros establecimientos para el encargo de nuestros servicios profesionales. Dependiendo del caso, trataremos tus datos de car\u00e1cter personal por la ejecuci\u00f3n de un contrato que nos vincule o nos obligue la legislaci\u00f3n vigente aplicable.<\/p><p>Cuando nos facilites datos personales directamente por tel\u00e9fono o correo electr\u00f3nico, la base legal para el tratamiento de tus datos ser\u00e1 nuestro inter\u00e9s leg\u00edtimo para gestionar la relaci\u00f3n comercial y poder atenderte de forma satisfactoria.<\/p><p>El usuario que facilite datos personales a trav\u00e9s de todos los medios arriba mencionados est\u00e1 proporcionando voluntariamente datos de car\u00e1cter personal (de ahora en adelante datos personales). La informaci\u00f3n personal que nos facilites por estos medios pasar\u00e1 a ser introducida en un tratamiento de datos bajo la responsabilidad de Casa Fiorella y se mantendr\u00e1 confidencial y protegida.<\/p><p>En tal sentido, Casa Fiorella informa a los usuarios que, en cumplimiento del RGPD 679\/2016 y de la Ley Org\u00e1nica 3\/2018 dispone de un Registro de Actividades de Tratamiento. Por todo ello, el usuario acepta de forma expresa, plenamente y sin reservas que Casa Fiorella trate sus datos personales con la finalidad de optimizar y digitalizar la relaci\u00f3n comercial.<\/p><p>\u00a0<\/p><h6><strong>\u00bfC\u00f3mo hemos obtenido tus datos?<\/strong><\/h6><p>Toda la informaci\u00f3n personal, datos de car\u00e1cter personal, que tenemos de usted nos la ha facilitado a trav\u00e9s del registro en nuestra web, comunicaciones telef\u00f3nicas, correo electr\u00f3nico, mediante el formulario de contacto de la web o en formularios escritos.<\/p><p>\u00a0<\/p><h6><strong>\u00bfQu\u00e9 datos te solicitaremos en el formulario de contacto de la web?<\/strong><\/h6><p>Cuando contactes con nosotros mediante el formulario de contacto:<\/p><ul><li>Nombre.<\/li><li>Asunto.<\/li><li>Correo electr\u00f3nico.<\/li><li>Aceptaci\u00f3n de la pol\u00edtica de privacidad.<\/li><\/ul><h6><strong>\u00bfQu\u00e9 datos te solicitaremos en los correos electr\u00f3nicos o llamadas telef\u00f3nicas que nos hagas?<\/strong><\/h6><p>Los datos necesarios para poder responderte en base a la consulta realizada y poder mantener la relaci\u00f3n comercial.<\/p><p>\u00a0<\/p><h6><strong>\u00bfCon qui\u00e9n compartimos tus datos?<\/strong><\/h6><p>Tus datos no ser\u00e1n cedidos a terceras empresas ajenas a Casa Fiorella y ser\u00e1n tratados \u00fanicamente por:<\/p><ul><li>Los empleados de Casa Fiorella, sometidos a secreto profesional para poder prestarte el servicio solicitado.<\/li><li>Encargados del tratamiento contratados por Casa Fiorella con sede en la UE como asesor\u00eda fiscal para asuntos de gesti\u00f3n de tributos.<\/li><li>Administraciones P\u00fablicas, Fuerzas y Cuerpos de seguridad del estado, Bancos o profesionales del \u00e1mbito jur\u00eddico o fiscal, cuando as\u00ed lo exija la normativa vigente.<\/li><\/ul><h6><strong>Derechos<\/strong><\/h6><p>Puedes ejercitar los derechos reconocidos en la legislaci\u00f3n vigente en materia de protecci\u00f3n de datos (acceso, rectificaci\u00f3n, supresi\u00f3n, limitaci\u00f3n, portabilidad y oposici\u00f3n), remitiendo una comunicaci\u00f3n por escrito a Casa Fiorella a trav\u00e9s de la direcci\u00f3n de correo electr\u00f3nico <a href=\"mailto:reservas@casafiorella.es\" target=\"_blank\" rel=\"noopener\">reservas@casafiorella.es<\/a><\/p><p>Deber\u00e1s acompa\u00f1ar una copia de tu documento nacional de identidad, pasaporte u otro documento v\u00e1lido que lo identifique.<\/p><p>Estos derechos ser\u00e1n atendidos, en el plazo de 1 mes, que podr\u00e1 ampliarse a 2 meses si la complejidad de la solicitud o el n\u00famero de solicitudes recibidas as\u00ed lo exige. Todo ello\u00a0sin perjuicio del deber de conservar ciertos datos en los t\u00e9rminos legales y hasta que prescriban las posibles\u00a0responsabilidades derivadas de un posible tratamiento, o, en su caso, de una relaci\u00f3n contractual.<\/p><p>Adem\u00e1s de lo anterior, y en relaci\u00f3n con\u00a0la normativa de protecci\u00f3n de datos, los usuarios que lo soliciten tienen la posibilidad de organizar el destino de sus datos despu\u00e9s de su fallecimiento.\u00a0<\/p><p>Casa Fiorella informa a los usuarios de su derecho a presentar una reclamaci\u00f3n ante la Autoridad de Control en materia de Protecci\u00f3n de Datos competente cuando consideren que el tratamiento de sus datos personales infringe la normativa de protecci\u00f3n de datos aplicable.<\/p><p>\u00a0<\/p><h6>Veracidad de los datos<\/h6><p>El interesado garantiza que los datos aportados son verdaderos, exactos, completos y se encuentran actualizados, comprometi\u00e9ndose a informar de cualquier cambio respecto de los datos que aportara por los canales habilitados al efecto e indicados en el punto uno de la presente pol\u00edtica. Ser\u00e1 responsable de cualquier da\u00f1o o perjuicio, tanto directo como indirecto, que pudiera ocasionar como consecuencia del incumplimiento de la presente obligaci\u00f3n.<\/p><p>En el supuesto de que el usuario facilite datos de terceros, declara que cuenta con el consentimiento de los interesados y se compromete a trasladarle la informaci\u00f3n contenida en esta cl\u00e1usula, eximiendo a la organizaci\u00f3n de cualquier responsabilidad derivada por la falta de cumplimiento de la presente obligaci\u00f3n.<\/p><p>\u00a0<\/p><h6>Redes Sociales<\/h6><p>Las Redes Sociales forman parte del d\u00eda a d\u00eda de muchos usuarios de internet. Por esto, Casa Fiorella ha creado distintos perfiles en algunas de ellas.<\/p><p>Todos los usuarios que visitan nuestra p\u00e1gina web tienen la oportunidad de unirse a nuestras redes sociales \u00a0o grupos.<\/p><p>Sin embargo, debes tener en cuenta que, salvo que le solicitemos sus datos directamente (por ejemplo, mediante acciones de marketing, concursos, promociones, o cualquier otra forma v\u00e1lida), sus datos pertenecer\u00e1n a la Red Social correspondiente, por lo que le recomendamos que lea detenidamente sus condiciones de uso y pol\u00edticas de privacidad, as\u00ed como, se asegure de configurar sus preferencias en cuanto al tratamiento de los datos.<\/p><p>\u00a0<\/p><h6>Modificaciones\/Actualizaci\u00f3n<\/h6><p>La presente pol\u00edtica de privacidad puede verse modificada\/actualizada en funci\u00f3n de las exigencias legales establecidas o con la finalidad de adaptar dicha pol\u00edtica a las instrucciones dictadas por la Agencia Espa\u00f1ola de Protecci\u00f3n de Datos o cambios en nuestro sitio web.<\/p><p>Por esta raz\u00f3n, aconsejamos a los usuarios que\u00a0 visiten peri\u00f3dicamente nuestra\u00a0 pol\u00edtica de privacidad.<\/p><p>Si tiene dudas acerca de esta pol\u00edtica, puede contactar con Casa Fiorella a trav\u00e9s del siguiente correo electr\u00f3nico: <a href=\"mailto:reservas@casafiorella.es\" target=\"_blank\" rel=\"noopener\">reservas@casafiorella.es<\/a><\/p>\t\t\t\t\t\t\t\t<\/div>\n\t\t\t\t<\/div>\n\t\t\t\t<div class=\"elementor-element elementor-element-5260eb9 elementor-widget elementor-widget-spacer\" data-id=\"5260eb9\" data-element_type=\"widget\" data-e-type=\"widget\" data-widget_type=\"spacer.default\">\n\t\t\t\t<div class=\"elementor-widget-container\">\n\t\t\t\t\t\t\t<div class=\"elementor-spacer\">\n\t\t\t<div class=\"elementor-spacer-inner\"><\/div>\n\t\t<\/div>\n\t\t\t\t\t\t<\/div>\n\t\t\t\t<\/div>\n\t\t\t\t<div class=\"elementor-element elementor-element-4ca33f9 elementor-widget-divider--view-line elementor-widget elementor-widget-divider\" data-id=\"4ca33f9\" data-element_type=\"widget\" data-e-type=\"widget\" data-widget_type=\"divider.default\">\n\t\t\t\t<div class=\"elementor-widget-container\">\n\t\t\t\t\t\t\t<div class=\"elementor-divider\">\n\t\t\t<span class=\"elementor-divider-separator\">\n\t\t\t\t\t\t<\/span>\n\t\t<\/div>\n\t\t\t\t\t\t<\/div>\n\t\t\t\t<\/div>\n\t\t\t\t\t<\/div>\n\t\t<\/div>\n\t\t\t\t\t<\/div>\n\t\t<\/section>\n\t\t\t\t<\/div>\n\t\t","protected":false},"excerpt":{"rendered":"<p>Pol\u00edtica de privacidad El objetivo de esta pol\u00edtica es informar a los interesados acerca de los distintos tratamientos realizados por Casa Fiorella mediante la p\u00e1gina web y que afecten a sus datos personales de conformidad con lo establecido en la Ley Org\u00e1nica 3\/2018, de 5 de diciembre, de Protecci\u00f3n de Datos Personales y garant\u00eda de [&hellip;]<\/p>\n","protected":false},"author":1,"featured_media":0,"parent":0,"menu_order":0,"comment_status":"closed","ping_status":"closed","template":"","meta":{"site-sidebar-layout":"no-sidebar","site-content-layout":"page-builder","ast-site-content-layout":"default","site-content-style":"default","site-sidebar-style":"default","ast-global-header-display":"","ast-banner-title-visibility":"","ast-main-header-display":"","ast-hfb-above-header-display":"","ast-hfb-below-header-display":"","ast-hfb-mobile-header-display":"","site-post-title":"disabled","ast-breadcrumbs-content":"","ast-featured-img":"disabled","footer-sml-layout":"","ast-disable-related-posts":"","theme-transparent-header-meta":"","adv-header-id-meta":"","stick-header-meta":"","header-above-stick-meta":"","header-main-stick-meta":"","header-below-stick-meta":"","astra-migrate-meta-layouts":"default","ast-page-background-enabled":"default","ast-page-background-meta":{"desktop":{"background-color":"var(--ast-global-color-4)","background-image":"","background-repeat":"repeat","background-position":"center center","background-size":"auto","background-attachment":"scroll","background-type":"","background-media":"","overlay-type":"","overlay-color":"","overlay-opacity":"","overlay-gradient":""},"tablet":{"background-color":"","background-image":"","background-repeat":"repeat","background-position":"center center","background-size":"auto","background-attachment":"scroll","background-type":"","background-media":"","overlay-type":"","overlay-color":"","overlay-opacity":"","overlay-gradient":""},"mobile":{"background-color":"","background-image":"","background-repeat":"repeat","background-position":"center center","background-size":"auto","background-attachment":"scroll","background-type":"","background-media":"","overlay-type":"","overlay-color":"","overlay-opacity":"","overlay-gradient":""}},"ast-content-background-meta":{"desktop":{"background-color":"var(--ast-global-color-5)","background-image":"","background-repeat":"repeat","background-position":"center center","background-size":"auto","background-attachment":"scroll","background-type":"","background-media":"","overlay-type":"","overlay-color":"","overlay-opacity":"","overlay-gradient":""},"tablet":{"background-color":"var(--ast-global-color-5)","background-image":"","background-repeat":"repeat","background-position":"center center","background-size":"auto","background-attachment":"scroll","background-type":"","background-media":"","overlay-type":"","overlay-color":"","overlay-opacity":"","overlay-gradient":""},"mobile":{"background-color":"var(--ast-global-color-5)","background-image":"","background-repeat":"repeat","background-position":"center center","background-size":"auto","background-attachment":"scroll","background-type":"","background-media":"","overlay-type":"","overlay-color":"","overlay-opacity":"","overlay-gradient":""}},"footnotes":""},"class_list":["post-2568","page","type-page","status-publish","hentry"],"_links":{"self":[{"href":"https:\/\/casafiorella.es\/es\/wp-json\/wp\/v2\/pages\/2568","targetHints":{"allow":["GET"]}}],"collection":[{"href":"https:\/\/casafiorella.es\/es\/wp-json\/wp\/v2\/pages"}],"about":[{"href":"https:\/\/casafiorella.es\/es\/wp-json\/wp\/v2\/types\/page"}],"author":[{"embeddable":true,"href":"https:\/\/casafiorella.es\/es\/wp-json\/wp\/v2\/users\/1"}],"replies":[{"embeddable":true,"href":"https:\/\/casafiorella.es\/es\/wp-json\/wp\/v2\/comments?post=2568"}],"version-history":[{"count":194,"href":"https:\/\/casafiorella.es\/es\/wp-json\/wp\/v2\/pages\/2568\/revisions"}],"predecessor-version":[{"id":4637,"href":"https:\/\/casafiorella.es\/es\/wp-json\/wp\/v2\/pages\/2568\/revisions\/4637"}],"wp:attachment":[{"href":"https:\/\/casafiorella.es\/es\/wp-json\/wp\/v2\/media?parent=2568"}],"curies":[{"name":"wp","href":"https:\/\/api.w.org\/{rel}","templated":true}]}}