{"id":2648,"date":"2023-04-21T20:11:17","date_gmt":"2023-04-21T20:11:17","guid":{"rendered":"https:\/\/casafiorella.es\/es\/?page_id=2648"},"modified":"2024-08-02T08:51:12","modified_gmt":"2024-08-02T08:51:12","slug":"politica-de-cookies","status":"publish","type":"page","link":"https:\/\/casafiorella.es\/es\/politica-de-cookies\/","title":{"rendered":"Pol\u00edtica de Cookies"},"content":{"rendered":"\t\t<div data-elementor-type=\"wp-page\" data-elementor-id=\"2648\" class=\"elementor elementor-2648\">\n\t\t\t\t\t\t<section class=\"elementor-section elementor-top-section elementor-element elementor-element-baf2d09 elementor-section-height-min-height elementor-section-boxed elementor-section-height-default elementor-section-items-middle\" data-id=\"baf2d09\" data-element_type=\"section\" data-e-type=\"section\" data-settings=\"{&quot;background_background&quot;:&quot;classic&quot;}\">\n\t\t\t\t\t\t<div class=\"elementor-container elementor-column-gap-default\">\n\t\t\t\t\t<div class=\"elementor-column elementor-col-100 elementor-top-column elementor-element elementor-element-5e633d1\" data-id=\"5e633d1\" data-element_type=\"column\" data-e-type=\"column\">\n\t\t\t<div class=\"elementor-widget-wrap elementor-element-populated\">\n\t\t\t\t\t\t<div class=\"elementor-element elementor-element-868da7e elementor-widget elementor-widget-heading\" data-id=\"868da7e\" data-element_type=\"widget\" data-e-type=\"widget\" data-widget_type=\"heading.default\">\n\t\t\t\t<div class=\"elementor-widget-container\">\n\t\t\t\t\t<h2 class=\"elementor-heading-title elementor-size-default\">Pol\u00edtica de Cookies<\/h2>\t\t\t\t<\/div>\n\t\t\t\t<\/div>\n\t\t\t\t\t<\/div>\n\t\t<\/div>\n\t\t\t\t\t<\/div>\n\t\t<\/section>\n\t\t\t\t<section class=\"elementor-section elementor-top-section elementor-element elementor-element-6c9ea56 elementor-section-boxed elementor-section-height-default elementor-section-height-default\" data-id=\"6c9ea56\" data-element_type=\"section\" data-e-type=\"section\">\n\t\t\t\t\t\t<div class=\"elementor-container elementor-column-gap-default\">\n\t\t\t\t\t<div class=\"elementor-column elementor-col-100 elementor-top-column elementor-element elementor-element-f130d1d\" data-id=\"f130d1d\" data-element_type=\"column\" data-e-type=\"column\">\n\t\t\t<div class=\"elementor-widget-wrap elementor-element-populated\">\n\t\t\t\t\t\t<div class=\"elementor-element elementor-element-3fb8605 elementor-widget elementor-widget-text-editor\" data-id=\"3fb8605\" data-element_type=\"widget\" data-e-type=\"widget\" data-widget_type=\"text-editor.default\">\n\t\t\t\t<div class=\"elementor-widget-container\">\n\t\t\t\t\t\t\t\t\t<p>El Real Decreto-Ley 13\/2012 que modifica la Ley 34\/2002, del 11 de julio, de servicios de la sociedad de la informaci\u00f3n y de comercio electr\u00f3nico, nos obliga a informar y a obtener el consentimiento del usuario acerca del uso de las cookies en sus p\u00e1ginas web.<\/p><p>Utilizamos cookies para facilitar tu navegaci\u00f3n en el sitio web y para conocer c\u00f3mo interact\u00faas con nosotros. Por favor, lee nuestra Informaci\u00f3n sobre Cookies para conocer con mayor detalle su finalidad y otra informaci\u00f3n de inter\u00e9s.<\/p><h6>\u00a0<\/h6><h6><strong>\u00bfQu\u00e9 es una Cookie?<\/strong><\/h6><p>Una Cookie es un peque\u00f1o fichero de texto que un sitio web coloca en tu PC, tel\u00e9fono o cualquier otro dispositivo, con informaci\u00f3n sobre tu navegaci\u00f3n en dicho sitio. Las Cookies son necesarias para facilitar la navegaci\u00f3n y hacerla m\u00e1s amigable.<\/p><h6>\u00a0<\/h6><h6><strong>\u00bfPara qu\u00e9 se utilizan las Cookies en este sitio web?<\/strong><\/h6><p>Las Cookies son una parte esencial de c\u00f3mo funciona nuestro sitio web. El objetivo principal de nuestras Cookies es mejorar tu experiencia en la navegaci\u00f3n. Por ejemplo, son utilizadas para recordar tus preferencias (idioma, pa\u00eds, etc.) durante la navegaci\u00f3n y en futuras visitas. La informaci\u00f3n recogida en las Cookies nos permite, adem\u00e1s, mejorar la web mediante estimaciones sobre n\u00fameros y patrones de uso, la adaptaci\u00f3n del sitio web a los intereses individuales de los usuarios, la aceleraci\u00f3n de las b\u00fasquedas, etc. En ocasiones, si hemos obtenido tu previo consentimiento informado, podremos utilizar Cookies, tags u otros dispositivos similares para obtener informaci\u00f3n que nos permita mostrarte desde nuestro sitio web, los de terceros, o cualquier otro medio o publicidad basada en el an\u00e1lisis de tus h\u00e1bitos de navegaci\u00f3n.<\/p><h6>\u00a0<\/h6><h6><strong>\u00bfPara qu\u00e9 NO se utilizan las Cookies en esta web?<\/strong><\/h6><p>Nosotros no almacenamos informaci\u00f3n sensible de identificaci\u00f3n personal como tu direcci\u00f3n, tu contrase\u00f1a, los datos de tu tarjeta de cr\u00e9dito o d\u00e9bito, etc., en las Cookies que utilizamos.<\/p><h6>\u00a0<\/h6><h6><strong>\u00bfQui\u00e9n utiliza la informaci\u00f3n almacenada en las Cookies?<\/strong><\/h6><p>La informaci\u00f3n almacenada en las Cookies de nuestro sitio web es utilizada exclusivamente por nosotros, a excepci\u00f3n de aquellas identificadas m\u00e1s adelante como \u201cCookies de terceros\u201d, que son utilizadas y gestionadas por entidades externas para proporcionarnos servicios solicitados por nosotros para mejorar nuestros servicios y la experiencia del usuario al navegar en nuestro sitio web. Los principales servicios para los que se utilizan estas \u201cCookies de terceros\u201d son la obtenci\u00f3n de estad\u00edsticas de accesos y garantizar las operaciones de pago realizadas.<\/p><h6>\u00a0<\/h6><h6><strong>\u00bfC\u00f3mo puedo evitar el uso de Cookies en este sitio web?<\/strong><\/h6><p>Si prefieres evitar el uso de Cookies en esta p\u00e1gina teniendo en cuenta las limitaciones anteriores debes, en primer lugar, deshabilitar en tu navegador el uso de Cookies y, en segundo lugar, eliminar las Cookies guardadas en tu navegador asociadas a este sitio web. Esta posibilidad de evitar el uso de Cookies la puedes hacer en cualquier momento.<\/p><h6>\u00a0<\/h6><h6><strong>\u00bfC\u00f3mo deshabilito y elimino la utilizaci\u00f3n de Cookies?<\/strong><\/h6><p>Para restringir, bloquear o borrar las Cookies de este sitio web puedes hacerlo, en cualquier momento, modificando la configuraci\u00f3n de tu navegador conforme a las pautas que se indican a continuaci\u00f3n.<\/p><p>Al eliminar y\/o deshabilitar las cookies, te expones a no poder acceder a determinadas funcionalidades de la Web\/App o a que su experiencia de navegaci\u00f3n resulte menos satisfactoria. Por eso, te recomendamos que las mantenga activadas.<\/p><p>Informaci\u00f3n para eliminar o configurar las cookies de cada navegador:<\/p><p>\u00a0<\/p><p><a href=\"https:\/\/support.google.com\/chrome\/answer\/95647?hl=es\" target=\"_blank\" rel=\"noopener\">Google Chrome<\/a><\/p><p><a href=\"https:\/\/support.mozilla.org\/es\/kb\/Deshabilitar%20cookies%20de%20terceros#firefox:mac:m113\" target=\"_blank\" rel=\"noopener\">Mozilla Firefox<\/a><\/p><p><a href=\"https:\/\/support.microsoft.com\/es-es\/help\/17442\/windows-internet-explorer-delete-manage-cookies\" target=\"_blank\" rel=\"noopener\">Internet Explorer<\/a><\/p><p><a href=\"https:\/\/support.apple.com\/es-es\/guide\/safari\/sfri11471\/mac\" target=\"_blank\" rel=\"noopener\">Safari<\/a><\/p><p><a href=\"https:\/\/help.opera.com\/en\/latest\/web-preferences#cookies\" target=\"_blank\" rel=\"noopener\">Opera<\/a><\/p>\t\t\t\t\t\t\t\t<\/div>\n\t\t\t\t<\/div>\n\t\t\t\t<div class=\"elementor-element elementor-element-ee5f8fe elementor-widget elementor-widget-spacer\" data-id=\"ee5f8fe\" data-element_type=\"widget\" data-e-type=\"widget\" data-widget_type=\"spacer.default\">\n\t\t\t\t<div class=\"elementor-widget-container\">\n\t\t\t\t\t\t\t<div class=\"elementor-spacer\">\n\t\t\t<div class=\"elementor-spacer-inner\"><\/div>\n\t\t<\/div>\n\t\t\t\t\t\t<\/div>\n\t\t\t\t<\/div>\n\t\t\t\t<div class=\"elementor-element elementor-element-c91d44c elementor-widget-divider--view-line elementor-widget elementor-widget-divider\" data-id=\"c91d44c\" data-element_type=\"widget\" data-e-type=\"widget\" data-widget_type=\"divider.default\">\n\t\t\t\t<div class=\"elementor-widget-container\">\n\t\t\t\t\t\t\t<div class=\"elementor-divider\">\n\t\t\t<span class=\"elementor-divider-separator\">\n\t\t\t\t\t\t<\/span>\n\t\t<\/div>\n\t\t\t\t\t\t<\/div>\n\t\t\t\t<\/div>\n\t\t\t\t\t<\/div>\n\t\t<\/div>\n\t\t\t\t\t<\/div>\n\t\t<\/section>\n\t\t\t\t<\/div>\n\t\t","protected":false},"excerpt":{"rendered":"<p>Pol\u00edtica de Cookies El Real Decreto-Ley 13\/2012 que modifica la Ley 34\/2002, del 11 de julio, de servicios de la sociedad de la informaci\u00f3n y de comercio electr\u00f3nico, nos obliga a informar y a obtener el consentimiento del usuario acerca del uso de las cookies en sus p\u00e1ginas web. Utilizamos cookies para facilitar tu navegaci\u00f3n [&hellip;]<\/p>\n","protected":false},"author":1,"featured_media":0,"parent":0,"menu_order":0,"comment_status":"closed","ping_status":"closed","template":"","meta":{"site-sidebar-layout":"no-sidebar","site-content-layout":"page-builder","ast-site-content-layout":"default","site-content-style":"default","site-sidebar-style":"default","ast-global-header-display":"","ast-banner-title-visibility":"","ast-main-header-display":"","ast-hfb-above-header-display":"","ast-hfb-below-header-display":"","ast-hfb-mobile-header-display":"","site-post-title":"disabled","ast-breadcrumbs-content":"","ast-featured-img":"disabled","footer-sml-layout":"","ast-disable-related-posts":"","theme-transparent-header-meta":"","adv-header-id-meta":"","stick-header-meta":"","header-above-stick-meta":"","header-main-stick-meta":"","header-below-stick-meta":"","astra-migrate-meta-layouts":"default","ast-page-background-enabled":"default","ast-page-background-meta":{"desktop":{"background-color":"var(--ast-global-color-4)","background-image":"","background-repeat":"repeat","background-position":"center center","background-size":"auto","background-attachment":"scroll","background-type":"","background-media":"","overlay-type":"","overlay-color":"","overlay-opacity":"","overlay-gradient":""},"tablet":{"background-color":"","background-image":"","background-repeat":"repeat","background-position":"center center","background-size":"auto","background-attachment":"scroll","background-type":"","background-media":"","overlay-type":"","overlay-color":"","overlay-opacity":"","overlay-gradient":""},"mobile":{"background-color":"","background-image":"","background-repeat":"repeat","background-position":"center center","background-size":"auto","background-attachment":"scroll","background-type":"","background-media":"","overlay-type":"","overlay-color":"","overlay-opacity":"","overlay-gradient":""}},"ast-content-background-meta":{"desktop":{"background-color":"var(--ast-global-color-5)","background-image":"","background-repeat":"repeat","background-position":"center center","background-size":"auto","background-attachment":"scroll","background-type":"","background-media":"","overlay-type":"","overlay-color":"","overlay-opacity":"","overlay-gradient":""},"tablet":{"background-color":"var(--ast-global-color-5)","background-image":"","background-repeat":"repeat","background-position":"center center","background-size":"auto","background-attachment":"scroll","background-type":"","background-media":"","overlay-type":"","overlay-color":"","overlay-opacity":"","overlay-gradient":""},"mobile":{"background-color":"var(--ast-global-color-5)","background-image":"","background-repeat":"repeat","background-position":"center center","background-size":"auto","background-attachment":"scroll","background-type":"","background-media":"","overlay-type":"","overlay-color":"","overlay-opacity":"","overlay-gradient":""}},"footnotes":""},"class_list":["post-2648","page","type-page","status-publish","hentry"],"_links":{"self":[{"href":"https:\/\/casafiorella.es\/es\/wp-json\/wp\/v2\/pages\/2648","targetHints":{"allow":["GET"]}}],"collection":[{"href":"https:\/\/casafiorella.es\/es\/wp-json\/wp\/v2\/pages"}],"about":[{"href":"https:\/\/casafiorella.es\/es\/wp-json\/wp\/v2\/types\/page"}],"author":[{"embeddable":true,"href":"https:\/\/casafiorella.es\/es\/wp-json\/wp\/v2\/users\/1"}],"replies":[{"embeddable":true,"href":"https:\/\/casafiorella.es\/es\/wp-json\/wp\/v2\/comments?post=2648"}],"version-history":[{"count":55,"href":"https:\/\/casafiorella.es\/es\/wp-json\/wp\/v2\/pages\/2648\/revisions"}],"predecessor-version":[{"id":4640,"href":"https:\/\/casafiorella.es\/es\/wp-json\/wp\/v2\/pages\/2648\/revisions\/4640"}],"wp:attachment":[{"href":"https:\/\/casafiorella.es\/es\/wp-json\/wp\/v2\/media?parent=2648"}],"curies":[{"name":"wp","href":"https:\/\/api.w.org\/{rel}","templated":true}]}}